{"id":108,"date":"2019-12-07T11:24:44","date_gmt":"2019-12-07T11:24:44","guid":{"rendered":"http:\/\/javi-dev.com\/marisol\/index.php\/blog\/"},"modified":"2022-01-31T08:15:18","modified_gmt":"2022-01-31T08:15:18","slug":"blog","status":"publish","type":"page","link":"https:\/\/marisolpardocoach.com\/index.php\/blog\/","title":{"rendered":"Blog"},"content":{"rendered":"\t\t<div data-elementor-type=\"wp-page\" data-elementor-id=\"108\" class=\"elementor elementor-108\" data-elementor-settings=\"[]\">\n\t\t\t\t\t\t<div class=\"elementor-inner\">\n\t\t\t\t\t\t\t<div class=\"elementor-section-wrap\">\n\t\t\t\t\t\t\t<section class=\"elementor-section elementor-top-section elementor-element elementor-element-bec4d8b elementor-section-stretched elementor-section-boxed elementor-section-height-default elementor-section-height-default\" data-id=\"bec4d8b\" data-element_type=\"section\" data-settings=\"{&quot;stretch_section&quot;:&quot;section-stretched&quot;,&quot;background_background&quot;:&quot;classic&quot;}\">\n\t\t\t\t\t\t<div class=\"elementor-container elementor-column-gap-no\">\n\t\t\t\t\t\t\t<div class=\"elementor-row\">\n\t\t\t\t\t<div class=\"aux-parallax-section elementor-column elementor-col-100 elementor-top-column elementor-element elementor-element-5eedba9\" data-id=\"5eedba9\" data-element_type=\"column\">\n\t\t\t<div class=\"elementor-column-wrap elementor-element-populated\">\n\t\t\t\t\t\t\t<div class=\"elementor-widget-wrap\">\n\t\t\t\t\t\t<div class=\"elementor-element elementor-element-41e70c2 elementor-widget elementor-widget-heading\" data-id=\"41e70c2\" data-element_type=\"widget\" data-widget_type=\"heading.default\">\n\t\t\t\t<div class=\"elementor-widget-container\">\n\t\t\t<h2 class=\"elementor-heading-title elementor-size-default\">BLOG<\/h2>\t\t<\/div>\n\t\t\t\t<\/div>\n\t\t\t\t\t\t<\/div>\n\t\t\t\t\t<\/div>\n\t\t<\/div>\n\t\t\t\t\t\t\t\t<\/div>\n\t\t\t\t\t<\/div>\n\t\t<\/section>\n\t\t\t\t<section class=\"elementor-section elementor-top-section elementor-element elementor-element-6e400c2 elementor-section-boxed elementor-section-height-default elementor-section-height-default\" data-id=\"6e400c2\" data-element_type=\"section\">\n\t\t\t\t\t\t<div class=\"elementor-container elementor-column-gap-no\">\n\t\t\t\t\t\t\t<div class=\"elementor-row\">\n\t\t\t\t\t<div class=\"aux-parallax-section elementor-column elementor-col-100 elementor-top-column elementor-element elementor-element-4f654d4\" data-id=\"4f654d4\" data-element_type=\"column\">\n\t\t\t<div class=\"elementor-column-wrap elementor-element-populated\">\n\t\t\t\t\t\t\t<div class=\"elementor-widget-wrap\">\n\t\t\t\t\t\t<div class=\"elementor-element elementor-element-f0a5e9c elementor-widget elementor-widget-aux_recent_posts_land_style\" data-id=\"f0a5e9c\" data-element_type=\"widget\" data-widget_type=\"aux_recent_posts_land_style.default\">\n\t\t\t\t<div class=\"elementor-widget-container\">\n\t\t\t<section class=\"widget-container aux-widget-recent-posts-land aux-parent-aube206dde\" style=\"\" ><div data-element-id=\"aube206dde\" class=\"aux-blog-land-style aux-ajax-view \"><div class=\"aux-block post-1273\">\n                        <article class=\"aux-column-post-entry land-post-style post-1273 post type-post status-publish format-standard has-post-thumbnail hentry category-blog tag-5-tips-para-conseguir-tus-objetivos\">\n                                                        <div class=\"entry-media\"><div class=\"aux-media-frame aux-media-image aux-image-mask\"><a href=\"https:\/\/marisolpardocoach.com\/index.php\/2022\/01\/20\/5-tips-para-conseguir-tus-objetivos\/\"><img loading=\"lazy\" width=\"970\" height=\"543\" src=\"https:\/\/marisolpardocoach.com\/wp-content\/uploads\/2022\/01\/Screenshot_20201203_174845-970x543.jpg\" class=\"aux-attachment aux-featured-image attachment-970x543.2 aux-attachment-id-1275 \" alt=\"Screenshot_20201203_174845\" srcset=\"https:\/\/marisolpardocoach.com\/wp-content\/uploads\/2022\/01\/Screenshot_20201203_174845-150x84.jpg 150w,https:\/\/marisolpardocoach.com\/wp-content\/uploads\/2022\/01\/Screenshot_20201203_174845-300x168.jpg 300w,https:\/\/marisolpardocoach.com\/wp-content\/uploads\/2022\/01\/Screenshot_20201203_174845-768x430.jpg 768w,https:\/\/marisolpardocoach.com\/wp-content\/uploads\/2022\/01\/Screenshot_20201203_174845-1024x573.jpg 1024w,https:\/\/marisolpardocoach.com\/wp-content\/uploads\/2022\/01\/Screenshot_20201203_174845-970x543.jpg 970w,https:\/\/marisolpardocoach.com\/wp-content\/uploads\/2022\/01\/Screenshot_20201203_174845-1070x599.jpg 1070w\" data-ratio=\"1.79\" data-original-w=\"1080\" sizes=\"(max-width:479px) 480px,(max-width:767px) 768px,(max-width:1023px) 1024px,970px\" \/><\/a><\/div><\/div>\n                            \n                            <div class=\"entry-main\">\n                                                        \n                                <header class=\"entry-header\">\n                                \n                                    <h4 class=\"entry-title\">\n                                        <a href=\"https:\/\/marisolpardocoach.com\/index.php\/2022\/01\/20\/5-tips-para-conseguir-tus-objetivos\/\">\n                                            5 TIPS PARA CONSEGUIR TUS OBJETIVOS                                        <\/a>\n                                    <\/h4>\n                                                                    <div class=\"entry-format\">\n                                        <a href=\"https:\/\/marisolpardocoach.com\/index.php\/2022\/01\/20\/5-tips-para-conseguir-tus-objetivos\/\">\n                                            <div class=\"post-format format-\"> <\/div>\n                                        <\/a>\n                                    <\/div>\n                                <\/header>\n                                                            \n                                <div class=\"entry-info\">\n                                                                    <div class=\"entry-date\">\n                                        <a href=\"https:\/\/marisolpardocoach.com\/index.php\/2022\/01\/20\/5-tips-para-conseguir-tus-objetivos\/\">\n                                            <time datetime=\"2022-01-20T11:33:48+00:00\" title=\"2022-01-20T11:33:48+00:00\" >enero 20, 2022<\/time>\n                                        <\/a>\n                                    <\/div>\n                                                                                                    <span class=\"entry-meta-sep meta-sep\">by<\/span>\n                                    <span class=\"author vcard\">\n                                        <a href=\"https:\/\/marisolpardocoach.com\/index.php\/author\/adminjavi\/\" rel=\"author\" title=\"View all posts by MSP Coach\" >\n                                            MSP Coach                                        <\/a>\n                                    <\/span>\n                                                                                                    <span class=\"entry-tax \">\n                                        <a href=\"https:\/\/marisolpardocoach.com\/index.php\/category\/blog\/\" title=\"View all posts in Blog\" rel=\"category\" >Blog<\/a>                                    <\/span>\n                                                                                                                                            <\/div>\n                            \n                                                            <div class=\"entry-content\">\n                                                                            <p>Con el inicio del A\u00f1o nuevo es hora de establecerse prop\u00f3sitos y marcarse nuevos retos. Son sensaciones que nos transportan a cuando estren\u00e1bamos libreta de peque\u00f1os o una agenda ya de mayores. Una oportunidad renovada de vivir lo a\u00fan no logrado.\u00a0htt ...<\/p><div class=\"clear\"><\/div>                                <\/div>\n                                                                                        <footer class=\"entry-meta aux-after-content\">\n                                                                        <div class=\"readmore\">\n                                        <a href=\"https:\/\/marisolpardocoach.com\/index.php\/2022\/01\/20\/5-tips-para-conseguir-tus-objetivos\/\" class=\"aux-read-more\"><span class=\"aux-read-more-text\">Leer m\u00e1s<\/span><\/a>\n                                    <\/div>\n                                                                        <div class=\"comments-iconic\">\n                                        \t\t<div class=\"wpulike wpulike-heart aux-wpulike aux-wpulike-widget\" ><div class=\"wp_ulike_general_class wp_ulike_is_not_liked\"><button type=\"button\"\n\t\t\t\t\taria-label=\"Like Button\"\n\t\t\t\t\tdata-ulike-id=\"1273\"\n\t\t\t\t\tdata-ulike-nonce=\"04cb79fcb8\"\n\t\t\t\t\tdata-ulike-type=\"post\"\n\t\t\t\t\tdata-ulike-template=\"wpulike-heart\"\n\t\t\t\t\tdata-ulike-display-likers=\"\"\n\t\t\t\t\tdata-ulike-disable-pophover=\"\"\n\t\t\t\t\tclass=\"wp_ulike_btn wp_ulike_put_image wp_post_btn_1273\"><\/button><span class=\"count-box\">0<\/span>\t\t\t<\/div><\/div>\n\t                                    <\/div>\n                                                                    <\/footer>\n                            \n                            <\/div>\n\n                        <\/article>\n<\/div><div class=\"aux-block post-1188\">\n                        <article class=\"aux-column-post-entry land-post-style post-1188 post type-post status-publish format-standard has-post-thumbnail hentry category-blog\">\n                                                        <div class=\"entry-media\"><div class=\"aux-media-frame aux-media-image aux-image-mask\"><a href=\"https:\/\/marisolpardocoach.com\/index.php\/2021\/10\/07\/no-vemos-la-realidad-como-es-vemos-la-realidad-como-somos\/\"><img loading=\"lazy\" width=\"657\" height=\"425\" src=\"https:\/\/marisolpardocoach.com\/wp-content\/uploads\/2021\/10\/Screenshot_20210924_144826-970x543.jpg\" class=\"aux-attachment aux-featured-image attachment-657x425 aux-attachment-id-1193 \" alt=\"Screenshot_20210924_144826\" srcset=\"https:\/\/marisolpardocoach.com\/wp-content\/uploads\/2021\/10\/Screenshot_20210924_144826-150x84.jpg 150w,https:\/\/marisolpardocoach.com\/wp-content\/uploads\/2021\/10\/Screenshot_20210924_144826-300x168.jpg 300w,https:\/\/marisolpardocoach.com\/wp-content\/uploads\/2021\/10\/Screenshot_20210924_144826-970x543.jpg 657w,https:\/\/marisolpardocoach.com\/wp-content\/uploads\/2021\/10\/Screenshot_20210924_144826-647x362.jpg 647w\" data-ratio=\"1.79\" data-original-w=\"657\" sizes=\"(max-width:479px) 480px,(max-width:767px) 768px,(max-width:1023px) 1024px,657px\" \/><\/a><\/div><\/div>\n                            \n                            <div class=\"entry-main\">\n                                                        \n                                <header class=\"entry-header\">\n                                \n                                    <h4 class=\"entry-title\">\n                                        <a href=\"https:\/\/marisolpardocoach.com\/index.php\/2021\/10\/07\/no-vemos-la-realidad-como-es-vemos-la-realidad-como-somos\/\">\n                                            No vemos la realidad como es, vemos la realidad como somos&#8230;                                        <\/a>\n                                    <\/h4>\n                                                                    <div class=\"entry-format\">\n                                        <a href=\"https:\/\/marisolpardocoach.com\/index.php\/2021\/10\/07\/no-vemos-la-realidad-como-es-vemos-la-realidad-como-somos\/\">\n                                            <div class=\"post-format format-\"> <\/div>\n                                        <\/a>\n                                    <\/div>\n                                <\/header>\n                                                            \n                                <div class=\"entry-info\">\n                                                                    <div class=\"entry-date\">\n                                        <a href=\"https:\/\/marisolpardocoach.com\/index.php\/2021\/10\/07\/no-vemos-la-realidad-como-es-vemos-la-realidad-como-somos\/\">\n                                            <time datetime=\"2021-10-07T09:41:23+00:00\" title=\"2021-10-07T09:41:23+00:00\" >octubre 7, 2021<\/time>\n                                        <\/a>\n                                    <\/div>\n                                                                                                    <span class=\"entry-meta-sep meta-sep\">by<\/span>\n                                    <span class=\"author vcard\">\n                                        <a href=\"https:\/\/marisolpardocoach.com\/index.php\/author\/adminjavi\/\" rel=\"author\" title=\"View all posts by MSP Coach\" >\n                                            MSP Coach                                        <\/a>\n                                    <\/span>\n                                                                                                    <span class=\"entry-tax \">\n                                        <a href=\"https:\/\/marisolpardocoach.com\/index.php\/category\/blog\/\" title=\"View all posts in Blog\" rel=\"category\" >Blog<\/a>                                    <\/span>\n                                                                                                                                            <\/div>\n                            \n                                                            <div class=\"entry-content\">\n                                                                            <p>\u00bfQu\u00e9 define nuestra realidad?\t\t\n\t\tCreemos experimentar la realidad tal como es, sin comprender hasta qu\u00e9 punto la interpretamos y la deformamos. En realidad, hay una distancia considerable entre como las cosas nos aparecen y lo que realmente son.\t\t\n\t ...<\/p><div class=\"clear\"><\/div>                                <\/div>\n                                                                                        <footer class=\"entry-meta aux-after-content\">\n                                                                        <div class=\"readmore\">\n                                        <a href=\"https:\/\/marisolpardocoach.com\/index.php\/2021\/10\/07\/no-vemos-la-realidad-como-es-vemos-la-realidad-como-somos\/\" class=\"aux-read-more\"><span class=\"aux-read-more-text\">Leer m\u00e1s<\/span><\/a>\n                                    <\/div>\n                                                                        <div class=\"comments-iconic\">\n                                        \t\t<div class=\"wpulike wpulike-heart aux-wpulike aux-wpulike-widget\" ><div class=\"wp_ulike_general_class wp_ulike_is_not_liked\"><button type=\"button\"\n\t\t\t\t\taria-label=\"Like Button\"\n\t\t\t\t\tdata-ulike-id=\"1188\"\n\t\t\t\t\tdata-ulike-nonce=\"c9512fc34b\"\n\t\t\t\t\tdata-ulike-type=\"post\"\n\t\t\t\t\tdata-ulike-template=\"wpulike-heart\"\n\t\t\t\t\tdata-ulike-display-likers=\"\"\n\t\t\t\t\tdata-ulike-disable-pophover=\"\"\n\t\t\t\t\tclass=\"wp_ulike_btn wp_ulike_put_image wp_post_btn_1188\"><\/button><span class=\"count-box\">1<\/span>\t\t\t<\/div><\/div>\n\t                                    <\/div>\n                                                                    <\/footer>\n                            \n                            <\/div>\n\n                        <\/article>\n<\/div><\/div><\/section><!-- widget-container -->\t\t<\/div>\n\t\t\t\t<\/div>\n\t\t\t\t\t\t<\/div>\n\t\t\t\t\t<\/div>\n\t\t<\/div>\n\t\t\t\t\t\t\t\t<\/div>\n\t\t\t\t\t<\/div>\n\t\t<\/section>\n\t\t\t\t\t\t<\/div>\n\t\t\t\t\t\t<\/div>\n\t\t\t\t\t<\/div>\n\t\t","protected":false},"excerpt":{"rendered":"<p>BLOG 5 TIPS PARA CONSEGUIR TUS OBJETIVOS enero 20, 2022 by MSP Coach Blog | Edit Con el inicio del A\u00f1o nuevo es hora de establecerse prop\u00f3sitos y marcarse nuevos retos. Son sensaciones que nos transportan a cuando estren\u00e1bamos libreta de peque\u00f1os o una agenda ya de mayores. Una oportunidad renovada de vivir lo a\u00fan [&hellip;]<\/p>\n","protected":false},"author":1,"featured_media":0,"parent":0,"menu_order":0,"comment_status":"closed","ping_status":"closed","template":"templates\/page-builder-content.php","meta":[],"_links":{"self":[{"href":"https:\/\/marisolpardocoach.com\/index.php\/wp-json\/wp\/v2\/pages\/108"}],"collection":[{"href":"https:\/\/marisolpardocoach.com\/index.php\/wp-json\/wp\/v2\/pages"}],"about":[{"href":"https:\/\/marisolpardocoach.com\/index.php\/wp-json\/wp\/v2\/types\/page"}],"author":[{"embeddable":true,"href":"https:\/\/marisolpardocoach.com\/index.php\/wp-json\/wp\/v2\/users\/1"}],"replies":[{"embeddable":true,"href":"https:\/\/marisolpardocoach.com\/index.php\/wp-json\/wp\/v2\/comments?post=108"}],"version-history":[{"count":12,"href":"https:\/\/marisolpardocoach.com\/index.php\/wp-json\/wp\/v2\/pages\/108\/revisions"}],"predecessor-version":[{"id":1315,"href":"https:\/\/marisolpardocoach.com\/index.php\/wp-json\/wp\/v2\/pages\/108\/revisions\/1315"}],"wp:attachment":[{"href":"https:\/\/marisolpardocoach.com\/index.php\/wp-json\/wp\/v2\/media?parent=108"}],"curies":[{"name":"wp","href":"https:\/\/api.w.org\/{rel}","templated":true}]}}